{"id":64,"date":"2022-03-06T15:33:36","date_gmt":"2022-03-06T14:33:36","guid":{"rendered":"http:\/\/my-sport-communication.com\/?page_id=64"},"modified":"2026-02-04T17:35:47","modified_gmt":"2026-02-04T16:35:47","slug":"services","status":"publish","type":"page","link":"https:\/\/my-sport-communication.com\/?page_id=64","title":{"rendered":"Services"},"content":{"rendered":"\n<h2 class=\"wp-block-heading\"><\/h2>\n\n\n\n<p><\/p>\n\n\n\n<div class=\"wp-block-columns alignwide is-layout-flex wp-container-core-columns-is-layout-9d6595d7 wp-block-columns-is-layout-flex\">\n<div class=\"wp-block-column is-layout-flow wp-block-column-is-layout-flow\" style=\"flex-basis:100%\">\n<div class=\"wp-block-group\"><div class=\"wp-block-group__inner-container is-layout-constrained wp-block-group-is-layout-constrained\">\n<div class=\"wp-block-group alignfull is-vertical is-layout-flex wp-container-core-group-is-layout-8cf370e7 wp-block-group-is-layout-flex\">\n<div class=\"wp-block-columns alignwide is-style-haircut-lite-columns-overlap is-layout-flex wp-container-core-columns-is-layout-829b1d53 wp-block-columns-is-layout-flex\" style=\"margin-bottom:0\">\n<div class=\"wp-block-column has-background is-layout-flow wp-block-column-is-layout-flow\" style=\"background-color:#d9b355d9;padding-top:2em;padding-right:2em;padding-bottom:2em;padding-left:2em\">\n<h2 class=\"wp-block-heading has-text-align-center has-black-color has-text-color has-link-color wp-elements-8c524753ea31059f48066500afa69ca8\" id=\"family\" style=\"font-size:24px\">Activation &amp; coordination \u00e9v\u00e9nementielle<\/h2>\n\n\n\n<hr class=\"wp-block-separator has-text-color has-white-color has-alpha-channel-opacity has-white-background-color has-background is-style-wide\"\/>\n\n\n\n<ul class=\"wp-block-list has-normal-font-size\">\n<li>Gestion de projet et coordination terrain<\/li>\n\n\n\n<li>Int\u00e9gration de dispositifs de communication (stands, activation de marque)<\/li>\n\n\n\n<li>Synergie entre prestataires et organisateurs<\/li>\n<\/ul>\n<\/div>\n\n\n\n<div class=\"wp-block-column has-white-color has-black-background-color has-text-color has-background has-link-color wp-elements-34a60dabe50f85d7641129356474eaf7 is-layout-flow wp-block-column-is-layout-flow\" style=\"padding-top:2em;padding-right:2em;padding-bottom:2em;padding-left:2em\">\n<h2 class=\"wp-block-heading has-text-align-center has-white-color has-text-color has-link-color wp-elements-9b7cdc84af4d449ecfd0b2b967e17723\" id=\"family\" style=\"font-size:24px\">Programmes Hospitality <\/h2>\n\n\n\n<div style=\"height:1px\" aria-hidden=\"true\" class=\"wp-block-spacer\"><\/div>\n\n\n\n<div style=\"height:18px\" aria-hidden=\"true\" class=\"wp-block-spacer\"><\/div>\n\n\n\n<hr class=\"wp-block-separator has-text-color has-alpha-channel-opacity has-background is-style-wide\" style=\"background-color:#dab455;color:#dab455\"\/>\n\n\n\n<ul class=\"wp-block-list has-normal-font-size\">\n<li>Conception et gestion de programmes hospitality <\/li>\n\n\n\n<li>Parcours invit\u00e9s et exp\u00e8riences premium<\/li>\n\n\n\n<li>Exp\u00e9riences partenaires personnalis\u00e9es<\/li>\n\n\n\n<li>Recrutement et gestion des prestataires<\/li>\n<\/ul>\n\n\n\n<div style=\"height:63px\" aria-hidden=\"true\" class=\"wp-block-spacer\"><\/div>\n<\/div>\n\n\n\n<div class=\"wp-block-column has-text-color has-background has-link-color wp-elements-f40ce7bf72d836972ccf4ddcb8b7799b is-layout-flow wp-block-column-is-layout-flow\" style=\"color:#000000;background-color:#dab455;padding-top:2em;padding-right:2em;padding-bottom:2em;padding-left:2em\">\n<h2 class=\"wp-block-heading has-text-align-center has-white-color has-text-color has-link-color wp-elements-43654441f5e9a6b1961904d7e2aaf16e\" id=\"patron\" style=\"font-size:21px\">Communication &amp; relations m\u00e9dias<\/h2>\n\n\n\n<p class=\"has-background\" style=\"background-color:#dab455;font-size:0px\"><\/p>\n\n\n\n<hr class=\"wp-block-separator has-text-color has-white-color has-alpha-channel-opacity has-white-background-color has-background is-style-wide\"\/>\n\n\n\n<ul class=\"wp-block-list has-normal-font-size\">\n<li>Cr\u00e9ation de kits m\u00e9dias, communiqu\u00e9s &amp; dossiers de presse<\/li>\n\n\n\n<li>Relations presse &amp; relations publiques<\/li>\n\n\n\n<li>Mise en place de prises de parole et voyages de presse<\/li>\n<\/ul>\n<\/div>\n<\/div>\n<\/div>\n<\/div><\/div>\n<\/div>\n<\/div>\n\n\n\n<div class=\"wp-block-columns are-vertically-aligned-top is-layout-flex wp-container-core-columns-is-layout-829b1d53 wp-block-columns-is-layout-flex\" style=\"margin-bottom:0\">\n<div class=\"wp-block-column is-vertically-aligned-top has-white-color has-black-background-color has-text-color has-background has-link-color wp-elements-7d27a07d0bb1b1c79a6033cc1ad830e7 is-layout-flow wp-block-column-is-layout-flow\" style=\"padding-top:2em;padding-right:2em;padding-bottom:2em;padding-left:2em\">\n<h2 class=\"wp-block-heading has-text-align-center has-white-color has-text-color has-link-color wp-elements-d1c087e3d4e46253a8b16a8c5d90a0ae\" id=\"patron\" style=\"font-size:24px\">Formation<\/h2>\n\n\n\n<p class=\"has-background\" style=\"background-color:#dab455;font-size:0px\"><\/p>\n\n\n\n<hr class=\"wp-block-separator has-text-color has-alpha-channel-opacity has-background is-style-wide\" style=\"background-color:#dab455;color:#dab455\"\/>\n\n\n\n<ul class=\"wp-block-list has-normal-font-size\">\n<li>Formatrice en \u00e9cole de commerce  sport business <\/li>\n\n\n\n<li>Formations sur le sponsoring, la communication et le brand content<\/li>\n\n\n\n<li>Jury business game et soutenance m\u00e9moire<\/li>\n<\/ul>\n\n\n\n<div style=\"height:26px\" aria-hidden=\"true\" class=\"wp-block-spacer\"><\/div>\n<\/div>\n\n\n\n<div class=\"wp-block-column is-vertically-aligned-top has-white-background-color has-text-color has-background has-link-color wp-elements-ac60d1b6f8b6e381da8f776b6ca9d050 is-layout-flow wp-block-column-is-layout-flow\" style=\"color:#000000;padding-top:2em;padding-right:2em;padding-bottom:2em;padding-left:2em\">\n<h2 class=\"wp-block-heading has-text-align-center has-text-color has-link-color wp-elements-a8bb7a274b050be69cebae1a4ee9643b\" id=\"single\" style=\"color:#dab455;font-size:24px\">Conseil en strat\u00e9gie de communication<\/h2>\n\n\n\n<hr class=\"wp-block-separator has-text-color has-alpha-channel-opacity has-background is-style-wide\" style=\"background-color:#dab455;color:#dab455\"\/>\n\n\n\n<ul class=\"wp-block-list has-normal-font-size\">\n<li>Strat\u00e9gie globale de communication sportive<\/li>\n\n\n\n<li>D\u00e9finition et pilotage de dispositifs de sponsoring adapt\u00e9s \u00e0 vos objectifs<\/li>\n\n\n\n<li>Positionnement, branding &amp; storytelling de marque<\/li>\n<\/ul>\n<\/div>\n\n\n\n<div class=\"wp-block-column is-vertically-aligned-top has-text-color has-background has-link-color wp-elements-893c56c8b8f8e2883f61f151d2e47a0f is-layout-flow wp-block-column-is-layout-flow\" style=\"color:#000000;background-color:#dab455;padding-top:2em;padding-right:2em;padding-bottom:2em;padding-left:2em;flex-basis:250px\">\n<h2 class=\"wp-block-heading has-text-align-center\" id=\"single\" style=\"font-size:24px\">Community management &amp; performance digitale<\/h2>\n\n\n\n<hr class=\"wp-block-separator has-text-color has-black-color has-alpha-channel-opacity has-black-background-color has-background is-style-wide\"\/>\n\n\n\n<ul class=\"wp-block-list has-normal-font-size\">\n<li>Strat\u00e9gie social media d\u00e9di\u00e9e sport<\/li>\n\n\n\n<li>Cr\u00e9ation et programmation de contenu<\/li>\n\n\n\n<li>Analyse KPI &amp; optimisation des performances<\/li>\n<\/ul>\n<\/div>\n<\/div>\n\n\n\n<div style=\"height:60px\" aria-hidden=\"true\" class=\"wp-block-spacer\"><\/div>\n\n\n\n<div class=\"wp-block-buttons alignwide is-content-justification-center is-layout-flex wp-container-core-buttons-is-layout-16018d1d wp-block-buttons-is-layout-flex\">\n<div class=\"wp-block-button has-custom-width wp-block-button__width-50\"><a class=\"wp-block-button__link wp-element-button\" href=\"https:\/\/my-sport-communication.com\/?page_id=496\" target=\"_blank\" rel=\"noreferrer noopener\">Cas Client<\/a><\/div>\n<\/div>\n\n\n\n<div style=\"height:100px\" aria-hidden=\"true\" class=\"wp-block-spacer\"><\/div>\n","protected":false},"excerpt":{"rendered":"<p>Activation &amp; coordination \u00e9v\u00e9nementielle Programmes Hospitality Communication &amp; relations m\u00e9dias Formation Conseil en strat\u00e9gie de communication Community management &amp; performance digitale<\/p>\n","protected":false},"author":1,"featured_media":0,"parent":0,"menu_order":0,"comment_status":"closed","ping_status":"closed","template":"","meta":{"footnotes":""},"class_list":["post-64","page","type-page","status-publish","hentry"],"_links":{"self":[{"href":"https:\/\/my-sport-communication.com\/index.php?rest_route=\/wp\/v2\/pages\/64","targetHints":{"allow":["GET"]}}],"collection":[{"href":"https:\/\/my-sport-communication.com\/index.php?rest_route=\/wp\/v2\/pages"}],"about":[{"href":"https:\/\/my-sport-communication.com\/index.php?rest_route=\/wp\/v2\/types\/page"}],"author":[{"embeddable":true,"href":"https:\/\/my-sport-communication.com\/index.php?rest_route=\/wp\/v2\/users\/1"}],"replies":[{"embeddable":true,"href":"https:\/\/my-sport-communication.com\/index.php?rest_route=%2Fwp%2Fv2%2Fcomments&post=64"}],"version-history":[{"count":154,"href":"https:\/\/my-sport-communication.com\/index.php?rest_route=\/wp\/v2\/pages\/64\/revisions"}],"predecessor-version":[{"id":1215,"href":"https:\/\/my-sport-communication.com\/index.php?rest_route=\/wp\/v2\/pages\/64\/revisions\/1215"}],"wp:attachment":[{"href":"https:\/\/my-sport-communication.com\/index.php?rest_route=%2Fwp%2Fv2%2Fmedia&parent=64"}],"curies":[{"name":"wp","href":"https:\/\/api.w.org\/{rel}","templated":true}]}}