{"id":46,"date":"2022-03-06T15:01:40","date_gmt":"2022-03-06T14:01:40","guid":{"rendered":"http:\/\/my-sport-communication.com\/?page_id=46"},"modified":"2026-02-04T17:13:16","modified_gmt":"2026-02-04T16:13:16","slug":"accueil","status":"publish","type":"page","link":"https:\/\/my-sport-communication.com\/","title":{"rendered":"Agence de communication et sponsoring sportif"},"content":{"rendered":"\n<h2 class=\"wp-block-heading has-medium-font-size\">Strat\u00e9gie, activation de marque &amp; programmes hospitality premium<\/h2>\n\n\n\n<p><\/p>\n\n\n\n<blockquote class=\"wp-block-quote has-text-align-center is-style-default has-medium-font-size is-layout-flow wp-block-quote-is-layout-flow\" style=\"font-style:normal;font-weight:600\">\n<div style=\"height:40px\" aria-hidden=\"true\" class=\"wp-block-spacer\"><\/div>\n\n\n\n<p>J&rsquo;accompagne les marques, institutions et organisations sportives dans la conception et le pilotage de leurs <strong>dispositifs de communication et de sponsoring \u00e0 forte valeur strat\u00e9gique<\/strong>, avec un focus sur l\u2019<strong>activation premium et l\u2019exp\u00e9rience partners &amp; VIP<\/strong>.<\/p>\n\n\n\n<div style=\"height:26px\" aria-hidden=\"true\" class=\"wp-block-spacer\"><\/div>\n\n\n\n<p><\/p>\n\n\n\n<div style=\"height:32px\" aria-hidden=\"true\" class=\"wp-block-spacer\"><\/div>\n\n\n\n<div class=\"wp-block-buttons alignwide has-custom-font-size is-content-justification-center is-layout-flex wp-container-core-buttons-is-layout-28206b41 wp-block-buttons-is-layout-flex\" style=\"font-size:20px;font-style:normal;font-weight:500\">\n<div class=\"wp-block-button has-custom-width wp-block-button__width-50 is-style-fill\"><a class=\"wp-block-button__link has-black-color has-text-color has-background has-link-color has-medium-font-size has-custom-font-size wp-element-button\" href=\"https:\/\/my-sport-communication.com\/?page_id=37\" style=\"background-color:#dab455\">Ma vision<\/a><\/div>\n<\/div>\n\n\n\n<div style=\"height:38px\" aria-hidden=\"true\" class=\"wp-block-spacer\"><\/div>\n\n\n\n<p>Je suis sp\u00e9cialis\u00e9e dans l&rsquo;\u00e9v\u00e9nementiel sportif de grande envergure o\u00f9 j&rsquo;ai pu activer des dispositifs sur Roland Garros, Le Tour de France, Paris 2024, les 24h Du Mans, GP de Monaco.<\/p>\n\n\n\n<div style=\"height:15px\" aria-hidden=\"true\" class=\"wp-block-spacer\"><\/div>\n\n\n\n<p class=\"has-medium-font-size\" style=\"font-style:italic;font-weight:800\"><strong>Pourquoi communiquer dans le sport ?<\/strong><\/p>\n\n\n\n<p class=\"has-medium-font-size\" style=\"font-style:normal;font-weight:800\"><br><\/p>\n\n\n\n<p>Que se soit pour vous diff\u00e9rencier de la concurrence, pour faire vibrer vos prospects, clients, patenaires ou encore pour partager des valeurs communes: une activation r\u00e9ussie marquera d&rsquo;avantage les esprits que n&rsquo;importe quelle campagne publicitaire.<\/p>\n\n\n\n<p><\/p>\n<\/blockquote>\n\n\n\n<div class=\"wp-block-group alignwide is-style-haircut-lite-border\"><div class=\"wp-block-group__inner-container is-layout-flow wp-block-group-is-layout-flow\">\n<hr class=\"wp-block-separator has-css-opacity\"\/>\n\n\n\n<p><\/p>\n<\/div><\/div>\n\n\n\n<div class=\"wp-block-columns alignwide are-vertically-aligned-center is-style-haircut-lite-columns-overlap is-layout-flex wp-container-core-columns-is-layout-9d6595d7 wp-block-columns-is-layout-flex\">\n<div class=\"wp-block-column is-layout-flow wp-block-column-is-layout-flow\">\n<h4 class=\"wp-block-image aligncenter size-medium is-resized\"><a class=\"linkedin my sport communication\" href=\"https:\/\/www.linkedin.com\/company\/my-sport-communication\" target=\"_blank\" rel=\"page linkedin my sport communication noreferrer noopener\"><img loading=\"lazy\" decoding=\"async\" width=\"300\" height=\"75\" class=\"wp-image-330\" style=\"width: 75px; height: 19px;\" src=\"https:\/\/my-sport-communication.com\/wp-content\/uploads\/2023\/02\/LinkedIn_Logo_2019-300x75.png\" alt=\"linkedin\" srcset=\"https:\/\/my-sport-communication.com\/wp-content\/uploads\/2023\/02\/LinkedIn_Logo_2019-300x75.png 300w, https:\/\/my-sport-communication.com\/wp-content\/uploads\/2023\/02\/LinkedIn_Logo_2019-1024x256.png 1024w, https:\/\/my-sport-communication.com\/wp-content\/uploads\/2023\/02\/LinkedIn_Logo_2019-768x192.png 768w, https:\/\/my-sport-communication.com\/wp-content\/uploads\/2023\/02\/LinkedIn_Logo_2019-1536x384.png 1536w, https:\/\/my-sport-communication.com\/wp-content\/uploads\/2023\/02\/LinkedIn_Logo_2019-2048x512.png 2048w\" sizes=\"auto, (max-width: 300px) 100vw, 300px\" \/><\/a><\/h4>\n<\/div>\n<\/div>\n\n\n\n<div class=\"wp-block-group\"><div class=\"wp-block-group__inner-container is-layout-flow wp-block-group-is-layout-flow\">\n<div class=\"wp-block-columns is-style-haircut-lite-columns-overlap is-layout-flex wp-container-core-columns-is-layout-9d6595d7 wp-block-columns-is-layout-flex\">\n<div class=\"wp-block-column is-layout-flow wp-block-column-is-layout-flow\" style=\"flex-basis:100%\">\n<figure class=\"wp-block-gallery aligncenter has-nested-images columns-default is-cropped wp-block-gallery-1 is-layout-flex wp-block-gallery-is-layout-flex\">\n<figure class=\"wp-block-image size-full is-style-haircut-lite-border\"><img loading=\"lazy\" decoding=\"async\" width=\"1868\" height=\"2560\" data-id=\"996\" src=\"https:\/\/my-sport-communication.com\/wp-content\/uploads\/2025\/01\/Diane-JO-1-scaled.jpg\" alt=\"\" class=\"wp-image-996\" srcset=\"https:\/\/my-sport-communication.com\/wp-content\/uploads\/2025\/01\/Diane-JO-1-scaled.jpg 1868w, https:\/\/my-sport-communication.com\/wp-content\/uploads\/2025\/01\/Diane-JO-1-219x300.jpg 219w, https:\/\/my-sport-communication.com\/wp-content\/uploads\/2025\/01\/Diane-JO-1-747x1024.jpg 747w, https:\/\/my-sport-communication.com\/wp-content\/uploads\/2025\/01\/Diane-JO-1-768x1052.jpg 768w, https:\/\/my-sport-communication.com\/wp-content\/uploads\/2025\/01\/Diane-JO-1-1121x1536.jpg 1121w, https:\/\/my-sport-communication.com\/wp-content\/uploads\/2025\/01\/Diane-JO-1-1494x2048.jpg 1494w\" sizes=\"auto, (max-width: 1868px) 100vw, 1868px\" \/><\/figure>\n<\/figure>\n<\/div>\n<\/div>\n<\/div><\/div>\n","protected":false},"excerpt":{"rendered":"<p>Strat\u00e9gie, activation de marque &amp; programmes hospitality premium<\/p>\n","protected":false},"author":1,"featured_media":80,"parent":0,"menu_order":0,"comment_status":"closed","ping_status":"closed","template":"","meta":{"footnotes":""},"class_list":["post-46","page","type-page","status-publish","has-post-thumbnail","hentry"],"_links":{"self":[{"href":"https:\/\/my-sport-communication.com\/index.php?rest_route=\/wp\/v2\/pages\/46","targetHints":{"allow":["GET"]}}],"collection":[{"href":"https:\/\/my-sport-communication.com\/index.php?rest_route=\/wp\/v2\/pages"}],"about":[{"href":"https:\/\/my-sport-communication.com\/index.php?rest_route=\/wp\/v2\/types\/page"}],"author":[{"embeddable":true,"href":"https:\/\/my-sport-communication.com\/index.php?rest_route=\/wp\/v2\/users\/1"}],"replies":[{"embeddable":true,"href":"https:\/\/my-sport-communication.com\/index.php?rest_route=%2Fwp%2Fv2%2Fcomments&post=46"}],"version-history":[{"count":90,"href":"https:\/\/my-sport-communication.com\/index.php?rest_route=\/wp\/v2\/pages\/46\/revisions"}],"predecessor-version":[{"id":1191,"href":"https:\/\/my-sport-communication.com\/index.php?rest_route=\/wp\/v2\/pages\/46\/revisions\/1191"}],"wp:featuredmedia":[{"embeddable":true,"href":"https:\/\/my-sport-communication.com\/index.php?rest_route=\/wp\/v2\/media\/80"}],"wp:attachment":[{"href":"https:\/\/my-sport-communication.com\/index.php?rest_route=%2Fwp%2Fv2%2Fmedia&parent=46"}],"curies":[{"name":"wp","href":"https:\/\/api.w.org\/{rel}","templated":true}]}}