{"id":37,"date":"2022-03-05T22:55:45","date_gmt":"2022-03-05T21:55:45","guid":{"rendered":"http:\/\/my-sport-communication.com\/?page_id=37"},"modified":"2025-01-16T17:58:23","modified_gmt":"2025-01-16T16:58:23","slug":"ma-vision","status":"publish","type":"page","link":"https:\/\/my-sport-communication.com\/?page_id=37","title":{"rendered":"Ma vision"},"content":{"rendered":"\n<div class=\"wp-block-group is-vertical is-layout-flex wp-container-core-group-is-layout-8cf370e7 wp-block-group-is-layout-flex\">\n<p class=\"has-text-align-center has-medium-font-size\" style=\"font-style:normal;font-weight:600\">Je crois en l\u2019humain plus qu\u2019au matraquage publicitaire. Je crois aux leaders d\u2019opinion, \u00e0 la dimension \u00e9motionnelle du sport, et en&nbsp;l\u2019authenticit\u00e9 avant tout comme meilleurs outils marketing. <\/p>\n\n\n\n<div style=\"height:16px\" aria-hidden=\"true\" class=\"wp-block-spacer wp-container-content-f9bd05ee\"><\/div>\n\n\n\n<p class=\"has-text-align-center has-medium-font-size\" style=\"font-style:normal;font-weight:600\">Ma mission&nbsp;est de faire briller et transparaitre les valeurs d&rsquo;une marque \u00e0 travers un sportif, une \u00e9quipe, une comp\u00e9tition dans tout son parcours de communication li\u00e9 au sport.<\/p>\n\n\n\n<div style=\"height:48px\" aria-hidden=\"true\" class=\"wp-block-spacer wp-container-content-eb1ede72\"><\/div>\n\n\n\n<p class=\"has-text-align-center has-medium-font-size\" style=\"font-style:normal;font-weight:600\">Associer votre image \u00e0 un univers porteur de sens en cr\u00e9ant ensemble du brand content percutant qui marquera les esprits. <\/p>\n\n\n\n<p><\/p>\n<\/div>\n\n\n\n<p>\u200b<\/p>\n\n\n\n<div class=\"wp-block-group\" style=\"font-style:normal;font-weight:500\"><div class=\"wp-block-group__inner-container is-layout-flow wp-block-group-is-layout-flow\">\n<h4 class=\"wp-block-heading\" style=\"font-size:22px;font-style:normal;font-weight:500\"><strong>Mes valeurs:&nbsp;<\/strong><\/h4>\n<\/div><\/div>\n\n\n\n<div style=\"height:19px\" aria-hidden=\"true\" class=\"wp-block-spacer\"><\/div>\n\n\n\n<p style=\"font-style:normal;font-weight:600\">&#8211; L\u2019humain d&rsquo;abord<\/p>\n\n\n\n<p style=\"font-style:normal;font-weight:600\">&#8211; L\u2019honn\u00eatet\u00e9<\/p>\n\n\n\n<p style=\"font-style:normal;font-weight:600\">&#8211; Work as a&nbsp;<strong>TEAM<\/strong><\/p>\n\n\n\n<p style=\"font-style:normal;font-weight:600\"><strong>T<\/strong>ogether<\/p>\n\n\n\n<p style=\"font-style:normal;font-weight:600\"><strong>E<\/strong>ach<\/p>\n\n\n\n<p style=\"font-style:normal;font-weight:600\"><strong>A<\/strong>chieve<\/p>\n\n\n\n<p style=\"font-style:normal;font-weight:600\"><strong>M<\/strong>ore<\/p>\n\n\n\n<div class=\"wp-block-group\"><div class=\"wp-block-group__inner-container is-layout-flow wp-block-group-is-layout-flow\">\n<p><\/p>\n\n\n\n<p><\/p>\n\n\n\n<p><\/p>\n<\/div><\/div>\n\n\n\n<div class=\"wp-block-group\"><div class=\"wp-block-group__inner-container is-layout-flow wp-block-group-is-layout-flow\">\n<div class=\"wp-block-group\"><div class=\"wp-block-group__inner-container is-layout-flow wp-block-group-is-layout-flow\">\n<div class=\"wp-block-group\"><div class=\"wp-block-group__inner-container is-layout-flow wp-block-group-is-layout-flow\">\n<div style=\"height:36px\" aria-hidden=\"true\" class=\"wp-block-spacer\"><\/div>\n<\/div><\/div>\n\n\n\n<figure class=\"wp-block-image size-large\"><img loading=\"lazy\" decoding=\"async\" width=\"768\" height=\"1024\" src=\"https:\/\/my-sport-communication.com\/wp-content\/uploads\/2025\/01\/IMG_1304-768x1024.jpg\" alt=\"\" class=\"wp-image-993\" srcset=\"https:\/\/my-sport-communication.com\/wp-content\/uploads\/2025\/01\/IMG_1304-768x1024.jpg 768w, https:\/\/my-sport-communication.com\/wp-content\/uploads\/2025\/01\/IMG_1304-225x300.jpg 225w, https:\/\/my-sport-communication.com\/wp-content\/uploads\/2025\/01\/IMG_1304-1152x1536.jpg 1152w, https:\/\/my-sport-communication.com\/wp-content\/uploads\/2025\/01\/IMG_1304-1536x2048.jpg 1536w, https:\/\/my-sport-communication.com\/wp-content\/uploads\/2025\/01\/IMG_1304-scaled.jpg 1920w\" sizes=\"auto, (max-width: 768px) 100vw, 768px\" \/><\/figure>\n<\/div><\/div>\n<\/div><\/div>\n\n\n\n<div style=\"height:33px\" aria-hidden=\"true\" class=\"wp-block-spacer\"><\/div>\n\n\n\n<div class=\"wp-block-buttons alignwide is-layout-flex wp-block-buttons-is-layout-flex\">\n<div class=\"wp-block-button is-style-outline aligncenter is-style-outline--1\"><a class=\"wp-block-button__link wp-element-button\" href=\"mailto: dbouchedor@my-sport-communication.com\">Me contacter<\/a><\/div>\n<\/div>\n\n\n\n<p><\/p>\n","protected":false},"excerpt":{"rendered":"<p>Je crois en l\u2019humain plus qu\u2019au matraquage publicitaire. Je crois aux leaders d\u2019opinion, \u00e0 la dimension \u00e9motionnelle du sport, et en&nbsp;l\u2019authenticit\u00e9 avant tout comme meilleurs outils marketing. Ma mission&nbsp;est de faire briller et transparaitre les valeurs d&rsquo;une marque \u00e0 travers un sportif, une \u00e9quipe, une comp\u00e9tition dans tout son parcours de communication li\u00e9 au sport. [&hellip;]<\/p>\n","protected":false},"author":1,"featured_media":0,"parent":0,"menu_order":0,"comment_status":"closed","ping_status":"closed","template":"","meta":{"footnotes":""},"class_list":["post-37","page","type-page","status-publish","hentry"],"_links":{"self":[{"href":"https:\/\/my-sport-communication.com\/index.php?rest_route=\/wp\/v2\/pages\/37","targetHints":{"allow":["GET"]}}],"collection":[{"href":"https:\/\/my-sport-communication.com\/index.php?rest_route=\/wp\/v2\/pages"}],"about":[{"href":"https:\/\/my-sport-communication.com\/index.php?rest_route=\/wp\/v2\/types\/page"}],"author":[{"embeddable":true,"href":"https:\/\/my-sport-communication.com\/index.php?rest_route=\/wp\/v2\/users\/1"}],"replies":[{"embeddable":true,"href":"https:\/\/my-sport-communication.com\/index.php?rest_route=%2Fwp%2Fv2%2Fcomments&post=37"}],"version-history":[{"count":59,"href":"https:\/\/my-sport-communication.com\/index.php?rest_route=\/wp\/v2\/pages\/37\/revisions"}],"predecessor-version":[{"id":998,"href":"https:\/\/my-sport-communication.com\/index.php?rest_route=\/wp\/v2\/pages\/37\/revisions\/998"}],"wp:attachment":[{"href":"https:\/\/my-sport-communication.com\/index.php?rest_route=%2Fwp%2Fv2%2Fmedia&parent=37"}],"curies":[{"name":"wp","href":"https:\/\/api.w.org\/{rel}","templated":true}]}}